{"id":1067,"date":"2023-01-17T10:27:07","date_gmt":"2023-01-17T13:27:07","guid":{"rendered":"https:\/\/francaispartout.com.br\/?page_id=1067"},"modified":"2026-02-09T21:22:08","modified_gmt":"2026-02-10T00:22:08","slug":"cours-de-vacances","status":"publish","type":"page","link":"https:\/\/francaispartout.com.br\/?page_id=1067","title":{"rendered":"Cours de vacances"},"content":{"rendered":"\t\t<div data-elementor-type=\"wp-page\" data-elementor-id=\"1067\" class=\"elementor elementor-1067\">\n\t\t\t\t<div class=\"elementor-element elementor-element-418bd8e e-flex e-con-boxed e-con e-parent\" data-id=\"418bd8e\" data-element_type=\"container\">\n\t\t\t\t\t<div class=\"e-con-inner\">\n\t\t\t\t<div class=\"elementor-element elementor-element-bffbaba elementor-widget elementor-widget-heading\" data-id=\"bffbaba\" data-element_type=\"widget\" data-widget_type=\"heading.default\">\n\t\t\t\t<div class=\"elementor-widget-container\">\n\t\t\t\t\t<h2 class=\"elementor-heading-title elementor-size-default\">1\u00ba SEMESTRE DE 2026<\/h2>\t\t\t\t<\/div>\n\t\t\t\t<\/div>\n\t\t\t\t\t<\/div>\n\t\t\t\t<\/div>\n\t\t<div class=\"elementor-element elementor-element-99c7e4a e-flex e-con-boxed e-con e-parent\" data-id=\"99c7e4a\" data-element_type=\"container\">\n\t\t\t\t\t<div class=\"e-con-inner\">\n\t\t\t\t<div class=\"elementor-element elementor-element-5cfa8d6 elementor-widget elementor-widget-text-editor\" data-id=\"5cfa8d6\" data-element_type=\"widget\" data-widget_type=\"text-editor.default\">\n\t\t\t\t<div class=\"elementor-widget-container\">\n\t\t\t\t\t\t\t\t\t<p>No momento, n\u00e3o temos cursos de f\u00e9rias\/tempor\u00e1rios dispon\u00edveis. Por\u00e9m, se voc\u00ea tiver alguma sugest\u00e3o ou interesse em algum tema espec\u00edfico que gostaria de estudar, n\u00e3o hesite em nos enviar uma mensagem para o e-mail <a href=\"mailto:fpescoladefrances@gmail.com\">fpescoladefrances@gmail.com<\/a>! Adoramos ouvir a opini\u00e3o de nossos alunos e estamos sempre em busca de novas formas de atender \u00e0s suas necessidades.<\/p>\t\t\t\t\t\t\t\t<\/div>\n\t\t\t\t<\/div>\n\t\t\t\t\t<\/div>\n\t\t\t\t<\/div>\n\t\t\t\t<\/div>\n\t\t","protected":false},"excerpt":{"rendered":"<p>1\u00ba SEMESTRE DE 2026 No momento, n\u00e3o temos cursos de f\u00e9rias\/tempor\u00e1rios dispon\u00edveis. Por\u00e9m, se voc\u00ea tiver alguma sugest\u00e3o ou interesse em algum tema espec\u00edfico que gostaria de estudar, n\u00e3o hesite em nos enviar uma mensagem para o e-mail fpescoladefrances@gmail.com! Adoramos ouvir a opini\u00e3o de nossos alunos e estamos sempre em busca de novas formas de [&hellip;]<\/p>\n","protected":false},"author":5,"featured_media":1081,"parent":0,"menu_order":0,"comment_status":"closed","ping_status":"closed","template":"","meta":{"footnotes":""},"class_list":["post-1067","page","type-page","status-publish","has-post-thumbnail","hentry"],"_links":{"self":[{"href":"https:\/\/francaispartout.com.br\/index.php?rest_route=\/wp\/v2\/pages\/1067","targetHints":{"allow":["GET"]}}],"collection":[{"href":"https:\/\/francaispartout.com.br\/index.php?rest_route=\/wp\/v2\/pages"}],"about":[{"href":"https:\/\/francaispartout.com.br\/index.php?rest_route=\/wp\/v2\/types\/page"}],"author":[{"embeddable":true,"href":"https:\/\/francaispartout.com.br\/index.php?rest_route=\/wp\/v2\/users\/5"}],"replies":[{"embeddable":true,"href":"https:\/\/francaispartout.com.br\/index.php?rest_route=%2Fwp%2Fv2%2Fcomments&post=1067"}],"version-history":[{"count":18,"href":"https:\/\/francaispartout.com.br\/index.php?rest_route=\/wp\/v2\/pages\/1067\/revisions"}],"predecessor-version":[{"id":1777,"href":"https:\/\/francaispartout.com.br\/index.php?rest_route=\/wp\/v2\/pages\/1067\/revisions\/1777"}],"wp:featuredmedia":[{"embeddable":true,"href":"https:\/\/francaispartout.com.br\/index.php?rest_route=\/wp\/v2\/media\/1081"}],"wp:attachment":[{"href":"https:\/\/francaispartout.com.br\/index.php?rest_route=%2Fwp%2Fv2%2Fmedia&parent=1067"}],"curies":[{"name":"wp","href":"https:\/\/api.w.org\/{rel}","templated":true}]}}