{"id":12,"date":"2017-02-01T13:05:37","date_gmt":"2017-02-01T15:05:37","guid":{"rendered":"http:\/\/francaispartout.com.br\/?page_id=12"},"modified":"2025-02-08T17:26:14","modified_gmt":"2025-02-08T20:26:14","slug":"a-escola","status":"publish","type":"page","link":"https:\/\/francaispartout.com.br\/?page_id=12","title":{"rendered":"A Escola"},"content":{"rendered":"\t\t<div data-elementor-type=\"wp-page\" data-elementor-id=\"12\" class=\"elementor elementor-12\">\n\t\t\t\t<div class=\"elementor-element elementor-element-c19a005 e-flex e-con-boxed e-con e-parent\" data-id=\"c19a005\" data-element_type=\"container\">\n\t\t\t\t\t<div class=\"e-con-inner\">\n\t\t\t\t<div class=\"elementor-element elementor-element-fc67561 elementor-widget elementor-widget-heading\" data-id=\"fc67561\" data-element_type=\"widget\" data-widget_type=\"heading.default\">\n\t\t\t\t<div class=\"elementor-widget-container\">\n\t\t\t\t\t<h2 class=\"elementor-heading-title elementor-size-default\">\"Une langue que l'on n'enseigne pas, c'est une langue qu'on tue.\"<\/h2>\t\t\t\t<\/div>\n\t\t\t\t<\/div>\n\t\t\t\t\t<\/div>\n\t\t\t\t<\/div>\n\t\t<div class=\"elementor-element elementor-element-4e60279 e-flex e-con-boxed e-con e-parent\" data-id=\"4e60279\" data-element_type=\"container\">\n\t\t\t\t\t<div class=\"e-con-inner\">\n\t\t\t\t<div class=\"elementor-element elementor-element-a7df6db elementor-widget elementor-widget-heading\" data-id=\"a7df6db\" data-element_type=\"widget\" data-widget_type=\"heading.default\">\n\t\t\t\t<div class=\"elementor-widget-container\">\n\t\t\t\t\t<h4 class=\"elementor-heading-title elementor-size-default\">- J. Jullian<\/h4>\t\t\t\t<\/div>\n\t\t\t\t<\/div>\n\t\t\t\t\t<\/div>\n\t\t\t\t<\/div>\n\t\t<div class=\"elementor-element elementor-element-0bb7d47 e-flex e-con-boxed e-con e-parent\" data-id=\"0bb7d47\" data-element_type=\"container\">\n\t\t\t\t\t<div class=\"e-con-inner\">\n\t\t\t\t<div class=\"elementor-element elementor-element-7488c16 elementor-widget elementor-widget-heading\" data-id=\"7488c16\" data-element_type=\"widget\" data-widget_type=\"heading.default\">\n\t\t\t\t<div class=\"elementor-widget-container\">\n\t\t\t\t\t<h2 class=\"elementor-heading-title elementor-size-default\">A ESCOLA<\/h2>\t\t\t\t<\/div>\n\t\t\t\t<\/div>\n\t\t\t\t\t<\/div>\n\t\t\t\t<\/div>\n\t\t<div class=\"elementor-element elementor-element-bbcdfb0 e-flex e-con-boxed e-con e-parent\" data-id=\"bbcdfb0\" data-element_type=\"container\">\n\t\t\t\t\t<div class=\"e-con-inner\">\n\t\t\t\t<div class=\"elementor-element elementor-element-83db6ee elementor-widget elementor-widget-text-editor\" data-id=\"83db6ee\" data-element_type=\"widget\" data-widget_type=\"text-editor.default\">\n\t\t\t\t<div class=\"elementor-widget-container\">\n\t\t\t\t\t\t\t\t\t<p>Na FP &#8211; Escola de Franc\u00eas, usamos o que h\u00e1 de mais moderno e avan\u00e7ado no ensino do franc\u00eas em termos de materiais e estrat\u00e9gias did\u00e1ticas. Com o objetivo de propiciar a progress\u00e3o de forma adequada e respeitando o ritmo ideal de aprendizagem de uma l\u00edngua estrangeira, dispomos de aulas com o formato de 3h semanais, ofertadas uma ou duas vezes por semana (aulas de 1h30).<\/p>\t\t\t\t\t\t\t\t<\/div>\n\t\t\t\t<\/div>\n\t\t\t\t\t<\/div>\n\t\t\t\t<\/div>\n\t\t<div class=\"elementor-element elementor-element-9b38410 e-flex e-con-boxed e-con e-parent\" data-id=\"9b38410\" data-element_type=\"container\">\n\t\t\t\t\t<div class=\"e-con-inner\">\n\t\t\t\t<div class=\"elementor-element elementor-element-52b120a elementor-widget elementor-widget-heading\" data-id=\"52b120a\" data-element_type=\"widget\" data-widget_type=\"heading.default\">\n\t\t\t\t<div class=\"elementor-widget-container\">\n\t\t\t\t\t<h2 class=\"elementor-heading-title elementor-size-default\">NOSSA MISS\u00c3O<\/h2>\t\t\t\t<\/div>\n\t\t\t\t<\/div>\n\t\t\t\t\t<\/div>\n\t\t\t\t<\/div>\n\t\t<div class=\"elementor-element elementor-element-f17cc93 e-flex e-con-boxed e-con e-parent\" data-id=\"f17cc93\" data-element_type=\"container\">\n\t\t\t\t\t<div class=\"e-con-inner\">\n\t\t\t\t<div class=\"elementor-element elementor-element-1ff569a elementor-widget elementor-widget-text-editor\" data-id=\"1ff569a\" data-element_type=\"widget\" data-widget_type=\"text-editor.default\">\n\t\t\t\t<div class=\"elementor-widget-container\">\n\t\t\t\t\t\t\t\t\t<p>A miss\u00e3o da FP \u00e9 a ampla difus\u00e3o da l\u00edngua francesa e da cultura franc\u00f3fona para o enriquecimento lingu\u00edstico e cultural de todos. Com esse intuito, adotamos o modelo de escola colaborativa, que nos possibilita oferecer um curso de qualidade por um valor acess\u00edvel para o aluno. Ao mesmo tempo, procuramos valorizar a fun\u00e7\u00e3o do professor na sociedade, proporcionando condi\u00e7\u00f5es de trabalho mais adequadas.<\/p>\t\t\t\t\t\t\t\t<\/div>\n\t\t\t\t<\/div>\n\t\t\t\t\t<\/div>\n\t\t\t\t<\/div>\n\t\t<div class=\"elementor-element elementor-element-c228f83 e-flex e-con-boxed e-con e-parent\" data-id=\"c228f83\" data-element_type=\"container\">\n\t\t\t\t\t<div class=\"e-con-inner\">\n\t\t\t\t<div class=\"elementor-element elementor-element-878a850 elementor-widget elementor-widget-heading\" data-id=\"878a850\" data-element_type=\"widget\" data-widget_type=\"heading.default\">\n\t\t\t\t<div class=\"elementor-widget-container\">\n\t\t\t\t\t<h2 class=\"elementor-heading-title elementor-size-default\">Nossos Alunos<\/h2>\t\t\t\t<\/div>\n\t\t\t\t<\/div>\n\t\t\t\t\t<\/div>\n\t\t\t\t<\/div>\n\t\t<div class=\"elementor-element elementor-element-3757a0c e-flex e-con-boxed e-con e-parent\" data-id=\"3757a0c\" data-element_type=\"container\">\n\t\t\t\t\t<div class=\"e-con-inner\">\n\t\t\t\t<div class=\"elementor-element elementor-element-8b1d52d elementor-widget elementor-widget-text-editor\" data-id=\"8b1d52d\" data-element_type=\"widget\" data-widget_type=\"text-editor.default\">\n\t\t\t\t<div class=\"elementor-widget-container\">\n\t\t\t\t\t\t\t\t\t<p>Com o perfil muito variado, nossos alunos possuem um interesse em comum: a l\u00edngua francesa e a cultura franc\u00f3fona. Pessoas que desejam estudar em um pa\u00eds de l\u00edngua francesa, profissionais que necessitam do franc\u00eas para o trabalho, aposentados que desejam continuar a aprender: todos visam a se enriquecer culturalmente atrav\u00e9s do franc\u00eas!<\/p>\t\t\t\t\t\t\t\t<\/div>\n\t\t\t\t<\/div>\n\t\t\t\t\t<\/div>\n\t\t\t\t<\/div>\n\t\t<div class=\"elementor-element elementor-element-0d58901 e-flex e-con-boxed e-con e-parent\" data-id=\"0d58901\" data-element_type=\"container\">\n\t\t\t\t\t<div class=\"e-con-inner\">\n\t\t\t\t<div class=\"elementor-element elementor-element-ae9df25 elementor-widget elementor-widget-heading\" data-id=\"ae9df25\" data-element_type=\"widget\" data-widget_type=\"heading.default\">\n\t\t\t\t<div class=\"elementor-widget-container\">\n\t\t\t\t\t<h2 class=\"elementor-heading-title elementor-size-default\">Nossos Professores\n<\/h2>\t\t\t\t<\/div>\n\t\t\t\t<\/div>\n\t\t\t\t\t<\/div>\n\t\t\t\t<\/div>\n\t\t<div class=\"elementor-element elementor-element-4368cc5 e-flex e-con-boxed e-con e-parent\" data-id=\"4368cc5\" data-element_type=\"container\">\n\t\t\t\t\t<div class=\"e-con-inner\">\n\t\t\t\t<div class=\"elementor-element elementor-element-9e8f403 elementor-widget elementor-widget-text-editor\" data-id=\"9e8f403\" data-element_type=\"widget\" data-widget_type=\"text-editor.default\">\n\t\t\t\t<div class=\"elementor-widget-container\">\n\t\t\t\t\t\t\t\t\t<p>Nosso corpo docente \u00e9 constitu\u00eddo por profissionais qualificados com ampla experi\u00eancia no ensino da l\u00edngua francesa. Os professores t\u00eam diploma de gradua\u00e7\u00e3o e muitos com experi\u00eancia no exterior (Canad\u00e1 e Fran\u00e7a). Al\u00e9m disso, todos cursam licenciatura e\/ou mestrado\/doutorado na Universidade de S\u00e3o Paulo (USP) e contam tamb\u00e9m com o apoio de um inovador programa de forma\u00e7\u00e3o\u00a0de professores: reuni\u00f5es pedag\u00f3gicas constantes, filmagem de aulas com fins de pesquisa, elabora\u00e7\u00e3o de material did\u00e1tico, uma plataforma virtual de apoio pedag\u00f3gico, jornadas de forma\u00e7\u00e3o com profissionais renomados na \u00e1rea de ensino do Franc\u00eas como l\u00edngua estrangeira, entre outros.<\/p>\t\t\t\t\t\t\t\t<\/div>\n\t\t\t\t<\/div>\n\t\t\t\t\t<\/div>\n\t\t\t\t<\/div>\n\t\t\t\t<\/div>\n\t\t","protected":false},"excerpt":{"rendered":"<p>&#8220;Une langue que l&#8217;on n&#8217;enseigne pas, c&#8217;est une langue qu&#8217;on tue.&#8221; &#8211; J. Jullian A ESCOLA Na FP &#8211; Escola de Franc\u00eas, usamos o que h\u00e1 de mais moderno e avan\u00e7ado no ensino do franc\u00eas em termos de materiais e estrat\u00e9gias did\u00e1ticas. Com o objetivo de propiciar a progress\u00e3o de forma adequada e respeitando o [&hellip;]<\/p>\n","protected":false},"author":7,"featured_media":109,"parent":0,"menu_order":0,"comment_status":"closed","ping_status":"closed","template":"","meta":{"footnotes":""},"class_list":["post-12","page","type-page","status-publish","has-post-thumbnail","hentry"],"_links":{"self":[{"href":"https:\/\/francaispartout.com.br\/index.php?rest_route=\/wp\/v2\/pages\/12","targetHints":{"allow":["GET"]}}],"collection":[{"href":"https:\/\/francaispartout.com.br\/index.php?rest_route=\/wp\/v2\/pages"}],"about":[{"href":"https:\/\/francaispartout.com.br\/index.php?rest_route=\/wp\/v2\/types\/page"}],"author":[{"embeddable":true,"href":"https:\/\/francaispartout.com.br\/index.php?rest_route=\/wp\/v2\/users\/7"}],"replies":[{"embeddable":true,"href":"https:\/\/francaispartout.com.br\/index.php?rest_route=%2Fwp%2Fv2%2Fcomments&post=12"}],"version-history":[{"count":19,"href":"https:\/\/francaispartout.com.br\/index.php?rest_route=\/wp\/v2\/pages\/12\/revisions"}],"predecessor-version":[{"id":1518,"href":"https:\/\/francaispartout.com.br\/index.php?rest_route=\/wp\/v2\/pages\/12\/revisions\/1518"}],"wp:featuredmedia":[{"embeddable":true,"href":"https:\/\/francaispartout.com.br\/index.php?rest_route=\/wp\/v2\/media\/109"}],"wp:attachment":[{"href":"https:\/\/francaispartout.com.br\/index.php?rest_route=%2Fwp%2Fv2%2Fmedia&parent=12"}],"curies":[{"name":"wp","href":"https:\/\/api.w.org\/{rel}","templated":true}]}}