{"id":22,"date":"2017-02-01T13:09:50","date_gmt":"2017-02-01T15:09:50","guid":{"rendered":"http:\/\/francaispartout.com.br\/?page_id=22"},"modified":"2025-02-08T19:33:50","modified_gmt":"2025-02-08T22:33:50","slug":"depoimentos","status":"publish","type":"page","link":"https:\/\/francaispartout.com.br\/?page_id=22","title":{"rendered":"Depoimentos"},"content":{"rendered":"\t\t<div data-elementor-type=\"wp-page\" data-elementor-id=\"22\" class=\"elementor elementor-22\">\n\t\t\t\t<div class=\"elementor-element elementor-element-abbf3b5 e-flex e-con-boxed e-con e-parent\" data-id=\"abbf3b5\" data-element_type=\"container\">\n\t\t\t\t\t<div class=\"e-con-inner\">\n\t\t\t\t<div class=\"elementor-element elementor-element-fd82d66 elementor-widget elementor-widget-heading\" data-id=\"fd82d66\" data-element_type=\"widget\" data-widget_type=\"heading.default\">\n\t\t\t\t<div class=\"elementor-widget-container\">\n\t\t\t\t\t<h2 class=\"elementor-heading-title elementor-size-default\">o que nossos alunos dizem<\/h2>\t\t\t\t<\/div>\n\t\t\t\t<\/div>\n\t\t\t\t\t<\/div>\n\t\t\t\t<\/div>\n\t\t<div class=\"elementor-element elementor-element-6c78e54 e-flex e-con-boxed e-con e-parent\" data-id=\"6c78e54\" data-element_type=\"container\">\n\t\t\t\t\t<div class=\"e-con-inner\">\n\t\t\t\t<div class=\"elementor-element elementor-element-65fbadb elementor-widget elementor-widget-text-editor\" data-id=\"65fbadb\" data-element_type=\"widget\" data-widget_type=\"text-editor.default\">\n\t\t\t\t<div class=\"elementor-widget-container\">\n\t\t\t\t\t\t\t\t\t<p>Na FP &#8211; Escola de Franc\u00eas, a satisfa\u00e7\u00e3o e o sucesso dos nossos alunos s\u00e3o nossa maior prioridade. Aqui voc\u00ea encontrar\u00e1 depoimentos sinceros de pessoas que, como voc\u00ea, decidiram investir no aprendizado do franc\u00eas conosco.<\/p>\n<p>Cada hist\u00f3ria reflete a experi\u00eancia \u00fanica e enriquecedora que oferecemos, e esperamos que elas inspirem voc\u00ea a come\u00e7ar sua pr\u00f3pria jornada com a gente.<\/p>\t\t\t\t\t\t\t\t<\/div>\n\t\t\t\t<\/div>\n\t\t\t\t\t<\/div>\n\t\t\t\t<\/div>\n\t\t<div class=\"elementor-element elementor-element-42bb892 e-flex e-con-boxed e-con e-parent\" data-id=\"42bb892\" data-element_type=\"container\">\n\t\t\t\t\t<div class=\"e-con-inner\">\n\t\t\t\t<div class=\"elementor-element elementor-element-12bb50f elementor-widget elementor-widget-testimonial\" data-id=\"12bb50f\" data-element_type=\"widget\" data-widget_type=\"testimonial.default\">\n\t\t\t\t<div class=\"elementor-widget-container\">\n\t\t\t\t\t\t\t<div class=\"elementor-testimonial-wrapper\">\n\t\t\t\t\t\t\t<div class=\"elementor-testimonial-content\">A FP superou muito minhas expectativas! Mesmo enfrentando o per\u00edodo de pandemia, a escola se mostrou muito capacitada para enfrentar quaisquer problemas\u2026 Posso dizer que a equipe \u00e9 formada de \u00f3timos profissionais e, principalmente, professores super qualificados! Se voc\u00ea quer aprender franc\u00eas do zero, como eu fiz, voc\u00ea veio ao lugar certo!<\/div>\n\t\t\t\n\t\t\t\t\t\t<div class=\"elementor-testimonial-meta\">\n\t\t\t\t<div class=\"elementor-testimonial-meta-inner\">\n\t\t\t\t\t\n\t\t\t\t\t\t\t\t\t\t<div class=\"elementor-testimonial-details\">\n\t\t\t\t\t\t\t\t\t\t\t\t\t\t<div class=\"elementor-testimonial-name\">Primaggio Silva Mantovi<\/div>\n\t\t\t\t\t\t\t\t\t\t\t\t\t\t\t\t\t\t\t\t\t\t<div class=\"elementor-testimonial-job\">Estudante de Qu\u00edmica \u2013 USP<\/div>\n\t\t\t\t\t\t\t\t\t\t\t\t\t<\/div>\n\t\t\t\t\t\t\t\t\t<\/div>\n\t\t\t<\/div>\n\t\t\t\t\t<\/div>\n\t\t\t\t\t\t<\/div>\n\t\t\t\t<\/div>\n\t\t\t\t<div class=\"elementor-element elementor-element-6ef1a33 elementor-widget elementor-widget-testimonial\" data-id=\"6ef1a33\" data-element_type=\"widget\" data-widget_type=\"testimonial.default\">\n\t\t\t\t<div class=\"elementor-widget-container\">\n\t\t\t\t\t\t\t<div class=\"elementor-testimonial-wrapper\">\n\t\t\t\t\t\t\t<div class=\"elementor-testimonial-content\">Ainda lembro do meu primeiro dia de aula no FP, eu n\u00e3o tinha entendido nada. Olhando agora para tr\u00e1s, n\u00e3o fazia ideia, naquele dia, que hoje estaria lendo e falando em franc\u00eas. Tive uma evolu\u00e7\u00e3o muito grande e devo isso a cada professor, todos incr\u00edveis, \u00f3timos para ensinar n\u00e3o s\u00f3 a l\u00edngua, mas tamb\u00e9m a cultura. Gra\u00e7as a eles li muitos livros e vi muitos filmes bons e conheci um pouquinho mais a cultura da l\u00edngua.<\/div>\n\t\t\t\n\t\t\t\t\t\t<div class=\"elementor-testimonial-meta\">\n\t\t\t\t<div class=\"elementor-testimonial-meta-inner\">\n\t\t\t\t\t\n\t\t\t\t\t\t\t\t\t\t<div class=\"elementor-testimonial-details\">\n\t\t\t\t\t\t\t\t\t\t\t\t\t\t<div class=\"elementor-testimonial-name\">Gabriel Jorge<\/div>\n\t\t\t\t\t\t\t\t\t\t\t\t\t\t\t\t\t\t\t\t\t\t<div class=\"elementor-testimonial-job\">Estudante de Qu\u00edmica \u2013 USP<\/div>\n\t\t\t\t\t\t\t\t\t\t\t\t\t<\/div>\n\t\t\t\t\t\t\t\t\t<\/div>\n\t\t\t<\/div>\n\t\t\t\t\t<\/div>\n\t\t\t\t\t\t<\/div>\n\t\t\t\t<\/div>\n\t\t\t\t<div class=\"elementor-element elementor-element-31d5b0e elementor-widget elementor-widget-testimonial\" data-id=\"31d5b0e\" data-element_type=\"widget\" data-widget_type=\"testimonial.default\">\n\t\t\t\t<div class=\"elementor-widget-container\">\n\t\t\t\t\t\t\t<div class=\"elementor-testimonial-wrapper\">\n\t\t\t\t\t\t\t<div class=\"elementor-testimonial-content\">Como nunca havia tido contato com o idioma, logo de cara ouvir o professor falar absolutamente tudo em franc\u00eas foi um pouco assustador. Por\u00e9m, com o tempo, fui me acostumando e a cada aula sentia que entendia um pouco mais do que na aula anterior. Mesmo que por apenas um semestre, consegui aprender o b\u00e1sico do franc\u00eas (como a apresentar-me, conjugar os verbos mais importantes, estruturas das frases e tudo que um turista, por exemplo, precisa saber) e bastante acerca de pronuncia\u00e7\u00e3o. As aulas foram muito boas e o material utilizado no curso tamb\u00e9m \u00e9 muito bom. Na minha opini\u00e3o, valeu muito a pena ter feito o curso e, se eu tivesse mais disponibilidade, com certeza teria feito por mais tempo.<\/div>\n\t\t\t\n\t\t\t\t\t\t<div class=\"elementor-testimonial-meta\">\n\t\t\t\t<div class=\"elementor-testimonial-meta-inner\">\n\t\t\t\t\t\n\t\t\t\t\t\t\t\t\t\t<div class=\"elementor-testimonial-details\">\n\t\t\t\t\t\t\t\t\t\t\t\t\t\t<div class=\"elementor-testimonial-name\">Giulia Santos<\/div>\n\t\t\t\t\t\t\t\t\t\t\t\t\t\t\t\t\t\t\t\t\t\t<div class=\"elementor-testimonial-job\">Estudante de Farm\u00e1cia \u2013 USP<\/div>\n\t\t\t\t\t\t\t\t\t\t\t\t\t<\/div>\n\t\t\t\t\t\t\t\t\t<\/div>\n\t\t\t<\/div>\n\t\t\t\t\t<\/div>\n\t\t\t\t\t\t<\/div>\n\t\t\t\t<\/div>\n\t\t\t\t<div class=\"elementor-element elementor-element-36a1e1c elementor-widget elementor-widget-testimonial\" data-id=\"36a1e1c\" data-element_type=\"widget\" data-widget_type=\"testimonial.default\">\n\t\t\t\t<div class=\"elementor-widget-container\">\n\t\t\t\t\t\t\t<div class=\"elementor-testimonial-wrapper\">\n\t\t\t\t\t\t\t<div class=\"elementor-testimonial-content\">A FP foi essencial para a minha aprendizagem aprofundada do franc\u00eas. Como escolhi cursar a habilita\u00e7\u00e3o em franc\u00eas na faculdade e at\u00e9 ent\u00e3o n\u00e3o possu\u00eda nenhum conhecimento no idioma, decidi fazer o curso para complementar os meus estudos. Em um ano e meio pude ver muita evolu\u00e7\u00e3o. Vale muito a pena e os m\u00e9todos de ensino s\u00e3o \u00f3timos!<\/div>\n\t\t\t\n\t\t\t\t\t\t<div class=\"elementor-testimonial-meta\">\n\t\t\t\t<div class=\"elementor-testimonial-meta-inner\">\n\t\t\t\t\t\n\t\t\t\t\t\t\t\t\t\t<div class=\"elementor-testimonial-details\">\n\t\t\t\t\t\t\t\t\t\t\t\t\t\t<div class=\"elementor-testimonial-name\">Luana Scavone<\/div>\n\t\t\t\t\t\t\t\t\t\t\t\t\t\t\t\t\t\t\t\t\t\t<div class=\"elementor-testimonial-job\">Estudante de Letras - USP<\/div>\n\t\t\t\t\t\t\t\t\t\t\t\t\t<\/div>\n\t\t\t\t\t\t\t\t\t<\/div>\n\t\t\t<\/div>\n\t\t\t\t\t<\/div>\n\t\t\t\t\t\t<\/div>\n\t\t\t\t<\/div>\n\t\t\t\t<div class=\"elementor-element elementor-element-3b820bc elementor-widget elementor-widget-testimonial\" data-id=\"3b820bc\" data-element_type=\"widget\" data-widget_type=\"testimonial.default\">\n\t\t\t\t<div class=\"elementor-widget-container\">\n\t\t\t\t\t\t\t<div class=\"elementor-testimonial-wrapper\">\n\t\t\t\t\t\t\t<div class=\"elementor-testimonial-content\">A FP foi uma recomenda\u00e7\u00e3o do consulado da Fran\u00e7a em S\u00e3o Paulo, eu n\u00e3o poderia ter melhor refer\u00eancia para come\u00e7ar meus estudos em franc\u00eas. Al\u00e9m do idioma, gram\u00e1tica, pron\u00fancia, meu horizonte cultural se alargou junto a Fran\u00e7ais Partout. Pois conhecer outra l\u00edngua, outra cultura \u00e9 conhecer mais uma face do mundo. Recomendo muito a escola que \u00e9 colaborativa, moderna, antenada e muito preocupada com o aprendizado na sua base. Al\u00e9m disso, sempre oferta oficinas extras culturais, sugere material como series, livros , m\u00fasica pra complementarmos nosso estudo e ampliarmos nossos conhecimentos.\nC\u2019est Super!<\/div>\n\t\t\t\n\t\t\t\t\t\t<div class=\"elementor-testimonial-meta\">\n\t\t\t\t<div class=\"elementor-testimonial-meta-inner\">\n\t\t\t\t\t\n\t\t\t\t\t\t\t\t\t\t<div class=\"elementor-testimonial-details\">\n\t\t\t\t\t\t\t\t\t\t\t\t\t\t<div class=\"elementor-testimonial-name\">Monica Marianno<\/div>\n\t\t\t\t\t\t\t\t\t\t\t\t\t\t\t\t\t\t\t\t\t\t<div class=\"elementor-testimonial-job\">Cantora e Atriz Dubladora<\/div>\n\t\t\t\t\t\t\t\t\t\t\t\t\t<\/div>\n\t\t\t\t\t\t\t\t\t<\/div>\n\t\t\t<\/div>\n\t\t\t\t\t<\/div>\n\t\t\t\t\t\t<\/div>\n\t\t\t\t<\/div>\n\t\t\t\t\t<\/div>\n\t\t\t\t<\/div>\n\t\t<div class=\"elementor-element elementor-element-cce6d46 e-flex e-con-boxed e-con e-parent\" data-id=\"cce6d46\" data-element_type=\"container\">\n\t\t\t\t\t<div class=\"e-con-inner\">\n\t\t\t\t<div class=\"elementor-element elementor-element-252f4d6 elementor-widget elementor-widget-spacer\" data-id=\"252f4d6\" data-element_type=\"widget\" data-widget_type=\"spacer.default\">\n\t\t\t\t<div class=\"elementor-widget-container\">\n\t\t\t\t\t\t\t<div class=\"elementor-spacer\">\n\t\t\t<div class=\"elementor-spacer-inner\"><\/div>\n\t\t<\/div>\n\t\t\t\t\t\t<\/div>\n\t\t\t\t<\/div>\n\t\t\t\t<div class=\"elementor-element elementor-element-7fc5945 elementor-widget elementor-widget-text-editor\" data-id=\"7fc5945\" data-element_type=\"widget\" data-widget_type=\"text-editor.default\">\n\t\t\t\t<div class=\"elementor-widget-container\">\n\t\t\t\t\t\t\t\t\t<p><strong>Quer compartilhar sua hist\u00f3ria?<\/strong><\/p><p>Se voc\u00ea j\u00e1 estudou conosco e deseja compartilhar sua experi\u00eancia, ficaremos felizes em ouvir de voc\u00ea. Seu feedback \u00e9 importante e ajuda outros futuros alunos a fazerem uma escolha informada.<br><\/p>\t\t\t\t\t\t\t\t<\/div>\n\t\t\t\t<\/div>\n\t\t\t\t<div class=\"elementor-element elementor-element-10fadf7 elementor-align-center elementor-widget elementor-widget-button\" data-id=\"10fadf7\" data-element_type=\"widget\" data-widget_type=\"button.default\">\n\t\t\t\t<div class=\"elementor-widget-container\">\n\t\t\t\t\t\t\t\t\t<div class=\"elementor-button-wrapper\">\n\t\t\t\t\t<a class=\"elementor-button elementor-button-link elementor-size-sm\" href=\"http:\/\/fpescoladefrances@gmail.com\">\n\t\t\t\t\t\t<span class=\"elementor-button-content-wrapper\">\n\t\t\t\t\t\t\t\t\t<span class=\"elementor-button-text\">Mande seu depoimento aqui!<\/span>\n\t\t\t\t\t<\/span>\n\t\t\t\t\t<\/a>\n\t\t\t\t<\/div>\n\t\t\t\t\t\t\t\t<\/div>\n\t\t\t\t<\/div>\n\t\t\t\t\t<\/div>\n\t\t\t\t<\/div>\n\t\t\t\t<\/div>\n\t\t","protected":false},"excerpt":{"rendered":"<p>o que nossos alunos dizem Na FP &#8211; Escola de Franc\u00eas, a satisfa\u00e7\u00e3o e o sucesso dos nossos alunos s\u00e3o nossa maior prioridade. Aqui voc\u00ea encontrar\u00e1 depoimentos sinceros de pessoas que, como voc\u00ea, decidiram investir no aprendizado do franc\u00eas conosco. Cada hist\u00f3ria reflete a experi\u00eancia \u00fanica e enriquecedora que oferecemos, e esperamos que elas inspirem [&hellip;]<\/p>\n","protected":false},"author":7,"featured_media":122,"parent":0,"menu_order":0,"comment_status":"closed","ping_status":"closed","template":"","meta":{"footnotes":""},"class_list":["post-22","page","type-page","status-publish","has-post-thumbnail","hentry"],"_links":{"self":[{"href":"https:\/\/francaispartout.com.br\/index.php?rest_route=\/wp\/v2\/pages\/22","targetHints":{"allow":["GET"]}}],"collection":[{"href":"https:\/\/francaispartout.com.br\/index.php?rest_route=\/wp\/v2\/pages"}],"about":[{"href":"https:\/\/francaispartout.com.br\/index.php?rest_route=\/wp\/v2\/types\/page"}],"author":[{"embeddable":true,"href":"https:\/\/francaispartout.com.br\/index.php?rest_route=\/wp\/v2\/users\/7"}],"replies":[{"embeddable":true,"href":"https:\/\/francaispartout.com.br\/index.php?rest_route=%2Fwp%2Fv2%2Fcomments&post=22"}],"version-history":[{"count":17,"href":"https:\/\/francaispartout.com.br\/index.php?rest_route=\/wp\/v2\/pages\/22\/revisions"}],"predecessor-version":[{"id":1621,"href":"https:\/\/francaispartout.com.br\/index.php?rest_route=\/wp\/v2\/pages\/22\/revisions\/1621"}],"wp:featuredmedia":[{"embeddable":true,"href":"https:\/\/francaispartout.com.br\/index.php?rest_route=\/wp\/v2\/media\/122"}],"wp:attachment":[{"href":"https:\/\/francaispartout.com.br\/index.php?rest_route=%2Fwp%2Fv2%2Fmedia&parent=22"}],"curies":[{"name":"wp","href":"https:\/\/api.w.org\/{rel}","templated":true}]}}