{"id":36,"date":"2017-02-01T13:17:52","date_gmt":"2017-02-01T15:17:52","guid":{"rendered":"http:\/\/francaispartout.com.br\/?page_id=36"},"modified":"2025-02-12T15:44:52","modified_gmt":"2025-02-12T18:44:52","slug":"cursos","status":"publish","type":"page","link":"https:\/\/francaispartout.com.br\/?page_id=36","title":{"rendered":"Cursos"},"content":{"rendered":"\t\t<div data-elementor-type=\"wp-page\" data-elementor-id=\"36\" class=\"elementor elementor-36\">\n\t\t\t\t<div class=\"elementor-element elementor-element-a462202 e-flex e-con-boxed e-con e-parent\" data-id=\"a462202\" data-element_type=\"container\">\n\t\t\t\t\t<div class=\"e-con-inner\">\n\t\t\t\t<div class=\"elementor-element elementor-element-c1140c2 elementor-widget elementor-widget-heading\" data-id=\"c1140c2\" data-element_type=\"widget\" data-widget_type=\"heading.default\">\n\t\t\t\t<div class=\"elementor-widget-container\">\n\t\t\t\t\t<h2 class=\"elementor-heading-title elementor-size-default\">OS CURSOS DA FP - ESCOLA DE FRANC\u00caS<\/h2>\t\t\t\t<\/div>\n\t\t\t\t<\/div>\n\t\t\t\t<div class=\"elementor-element elementor-element-4a6f111 elementor-widget elementor-widget-text-editor\" data-id=\"4a6f111\" data-element_type=\"widget\" data-widget_type=\"text-editor.default\">\n\t\t\t\t<div class=\"elementor-widget-container\">\n\t\t\t\t\t\t\t\t\t<p>Em nossos cursos, que ocorrem nas modalidades online e presencial, visamos ao desenvolvimento das <strong>quatro habilidades<\/strong> (compreens\u00e3o oral, compreens\u00e3o escrita, produ\u00e7\u00e3o oral e produ\u00e7\u00e3o escrita) em l\u00edngua francesa. Adotamos uma abordagem que atende \u00e0s propostas do <strong>CECR<\/strong> (Quadro Comum Europeu de Refer\u00eancia para L\u00ednguas) com o objetivo de que o aluno aprenda a se comunicar e a interagir em l\u00edngua francesa, sendo capaz de agir em contextos franc\u00f3fonos.<\/p>\n<p>Oferecemos turmas do <strong>b\u00e1sico 1 ao avan\u00e7ado 2<\/strong>, em m\u00f3dulos com dura\u00e7\u00e3o de 45h (1 ou 2 vezes por semana). Tamb\u00e9m oferecemos a possibilidade de cria\u00e7\u00e3o de turmas com tem\u00e1ticas espec\u00edficas, assim como aulas particulares presenciais ou \u00e0 dist\u00e2ncia.<\/p>\t\t\t\t\t\t\t\t<\/div>\n\t\t\t\t<\/div>\n\t\t\t\t\t<\/div>\n\t\t\t\t<\/div>\n\t\t<div class=\"elementor-element elementor-element-f904b80 e-flex e-con-boxed e-con e-parent\" data-id=\"f904b80\" data-element_type=\"container\">\n\t\t\t\t\t<div class=\"e-con-inner\">\n\t\t\t\t<div class=\"elementor-element elementor-element-d92b6f2 elementor-widget elementor-widget-image\" data-id=\"d92b6f2\" data-element_type=\"widget\" data-widget_type=\"image.default\">\n\t\t\t\t<div class=\"elementor-widget-container\">\n\t\t\t\t\t\t\t\t\t\t\t\t\t\t\t<img decoding=\"async\" src=\"https:\/\/francaispartout.com.br\/wp-content\/uploads\/elementor\/thumbs\/Design-sem-nome-r17v54q1xfkjw031a55q99m5yg8ma6z7ypb2g7s2tc.jpg\" title=\"Design sem nome\" alt=\"Design sem nome\" loading=\"lazy\" \/>\t\t\t\t\t\t\t\t\t\t\t\t\t\t\t<\/div>\n\t\t\t\t<\/div>\n\t\t\t\t\t<\/div>\n\t\t\t\t<\/div>\n\t\t<div class=\"elementor-element elementor-element-06a8e04 e-flex e-con-boxed e-con e-parent\" data-id=\"06a8e04\" data-element_type=\"container\">\n\t\t\t\t\t<div class=\"e-con-inner\">\n\t\t\t\t<div class=\"elementor-element elementor-element-938965e elementor-widget elementor-widget-spacer\" data-id=\"938965e\" data-element_type=\"widget\" data-widget_type=\"spacer.default\">\n\t\t\t\t<div class=\"elementor-widget-container\">\n\t\t\t\t\t\t\t<div class=\"elementor-spacer\">\n\t\t\t<div class=\"elementor-spacer-inner\"><\/div>\n\t\t<\/div>\n\t\t\t\t\t\t<\/div>\n\t\t\t\t<\/div>\n\t\t\t\t<div class=\"elementor-element elementor-element-58e5fc9 elementor-align-center elementor-widget elementor-widget-button\" data-id=\"58e5fc9\" data-element_type=\"widget\" data-widget_type=\"button.default\">\n\t\t\t\t<div class=\"elementor-widget-container\">\n\t\t\t\t\t\t\t\t\t<div class=\"elementor-button-wrapper\">\n\t\t\t\t\t<a class=\"elementor-button elementor-button-link elementor-size-sm\" href=\"https:\/\/francaispartout.com.br\/wp-content\/uploads\/2024\/10\/Documentos.pdf\">\n\t\t\t\t\t\t<span class=\"elementor-button-content-wrapper\">\n\t\t\t\t\t\t\t\t\t<span class=\"elementor-button-text\">Confira aqui o\u00a0<strong>conte\u00fado program\u00e1tico de cada n\u00edvel<\/span>\n\t\t\t\t\t<\/span>\n\t\t\t\t\t<\/a>\n\t\t\t\t<\/div>\n\t\t\t\t\t\t\t\t<\/div>\n\t\t\t\t<\/div>\n\t\t\t\t\t<\/div>\n\t\t\t\t<\/div>\n\t\t\t\t<\/div>\n\t\t","protected":false},"excerpt":{"rendered":"<p>OS CURSOS DA FP &#8211; ESCOLA DE FRANC\u00caS Em nossos cursos, que ocorrem nas modalidades online e presencial, visamos ao desenvolvimento das quatro habilidades (compreens\u00e3o oral, compreens\u00e3o escrita, produ\u00e7\u00e3o oral e produ\u00e7\u00e3o escrita) em l\u00edngua francesa. Adotamos uma abordagem que atende \u00e0s propostas do CECR (Quadro Comum Europeu de Refer\u00eancia para L\u00ednguas) com o objetivo [&hellip;]<\/p>\n","protected":false},"author":7,"featured_media":122,"parent":12,"menu_order":0,"comment_status":"closed","ping_status":"closed","template":"","meta":{"footnotes":""},"class_list":["post-36","page","type-page","status-publish","has-post-thumbnail","hentry"],"_links":{"self":[{"href":"https:\/\/francaispartout.com.br\/index.php?rest_route=\/wp\/v2\/pages\/36","targetHints":{"allow":["GET"]}}],"collection":[{"href":"https:\/\/francaispartout.com.br\/index.php?rest_route=\/wp\/v2\/pages"}],"about":[{"href":"https:\/\/francaispartout.com.br\/index.php?rest_route=\/wp\/v2\/types\/page"}],"author":[{"embeddable":true,"href":"https:\/\/francaispartout.com.br\/index.php?rest_route=\/wp\/v2\/users\/7"}],"replies":[{"embeddable":true,"href":"https:\/\/francaispartout.com.br\/index.php?rest_route=%2Fwp%2Fv2%2Fcomments&post=36"}],"version-history":[{"count":36,"href":"https:\/\/francaispartout.com.br\/index.php?rest_route=\/wp\/v2\/pages\/36\/revisions"}],"predecessor-version":[{"id":1677,"href":"https:\/\/francaispartout.com.br\/index.php?rest_route=\/wp\/v2\/pages\/36\/revisions\/1677"}],"up":[{"embeddable":true,"href":"https:\/\/francaispartout.com.br\/index.php?rest_route=\/wp\/v2\/pages\/12"}],"wp:featuredmedia":[{"embeddable":true,"href":"https:\/\/francaispartout.com.br\/index.php?rest_route=\/wp\/v2\/media\/122"}],"wp:attachment":[{"href":"https:\/\/francaispartout.com.br\/index.php?rest_route=%2Fwp%2Fv2%2Fmedia&parent=36"}],"curies":[{"name":"wp","href":"https:\/\/api.w.org\/{rel}","templated":true}]}}