{"id":38,"date":"2017-02-01T13:18:06","date_gmt":"2017-02-01T15:18:06","guid":{"rendered":"http:\/\/francaispartout.com.br\/?page_id=38"},"modified":"2026-02-09T20:56:13","modified_gmt":"2026-02-09T23:56:13","slug":"teste-de-nivel","status":"publish","type":"page","link":"https:\/\/francaispartout.com.br\/?page_id=38","title":{"rendered":"Teste de n\u00edvel"},"content":{"rendered":"\t\t<div data-elementor-type=\"wp-page\" data-elementor-id=\"38\" class=\"elementor elementor-38\">\n\t\t\t\t<div class=\"elementor-element elementor-element-8c617ab e-flex e-con-boxed e-con e-parent\" data-id=\"8c617ab\" data-element_type=\"container\">\n\t\t\t\t\t<div class=\"e-con-inner\">\n\t\t\t\t<div class=\"elementor-element elementor-element-930c082 elementor-widget elementor-widget-heading\" data-id=\"930c082\" data-element_type=\"widget\" data-widget_type=\"heading.default\">\n\t\t\t\t<div class=\"elementor-widget-container\">\n\t\t\t\t\t<h2 class=\"elementor-heading-title elementor-size-default\">quer voltar a estudar franc\u00eas? Fa\u00e7a nosso teste de n\u00edvel!\n<\/h2>\t\t\t\t<\/div>\n\t\t\t\t<\/div>\n\t\t\t\t\t<\/div>\n\t\t\t\t<\/div>\n\t\t<div class=\"elementor-element elementor-element-dd4c96a e-flex e-con-boxed e-con e-parent\" data-id=\"dd4c96a\" data-element_type=\"container\">\n\t\t\t\t\t<div class=\"e-con-inner\">\n\t\t\t\t<div class=\"elementor-element elementor-element-b68e793 elementor-widget elementor-widget-text-editor\" data-id=\"b68e793\" data-element_type=\"widget\" data-widget_type=\"text-editor.default\">\n\t\t\t\t<div class=\"elementor-widget-container\">\n\t\t\t\t\t\t\t\t\t<p>O teste de n\u00edvel \u00e9 fundamental para identificar o seu n\u00edvel de profici\u00eancia e garantir que voc\u00ea continue seus estudos no franc\u00eas de forma adequada e personalizada.<\/p><p><strong>Quem deve fazer o Teste de N\u00edvel?<\/strong><\/p><p>&#8211; Alunos que interromperam as aulas h\u00e1 mais de um ano;<\/p><p>&#8211; Alunos que estudaram franc\u00eas em um pa\u00eds franc\u00f3fono ou em outras escolas e desejam retomar os estudos.<\/p><p><strong>Como se inscrever?<\/strong><\/p><p>Para realizar o teste de n\u00edvel, envie um e-mail para <a href=\"mailto:francaispartout.testedenivel@gmail.com\">francaispartout.testedenivel@gmail.com<\/a>. Nossa equipe entrar\u00e1 em contato para agendar o teste.<\/p><p><strong>Informa\u00e7\u00f5es importantes:<\/strong><\/p><p>&#8211; O teste possui uma taxa de R$ 90,00;<\/p><p>&#8211; Ele \u00e9 realizado individualmente, com acompanhamento de um professor especializado, garantindo um atendimento mais personalizado.<\/p><p>N\u00e3o perca a oportunidade de retomar seus estudos de maneira eficiente e alinhada ao seu n\u00edvel! Estamos aqui para ajudar voc\u00ea a avan\u00e7ar no aprendizado do franc\u00eas!<\/p>\t\t\t\t\t\t\t\t<\/div>\n\t\t\t\t<\/div>\n\t\t\t\t\t<\/div>\n\t\t\t\t<\/div>\n\t\t\t\t<\/div>\n\t\t","protected":false},"excerpt":{"rendered":"<p>quer voltar a estudar franc\u00eas? Fa\u00e7a nosso teste de n\u00edvel! O teste de n\u00edvel \u00e9 fundamental para identificar o seu n\u00edvel de profici\u00eancia e garantir que voc\u00ea continue seus estudos no franc\u00eas de forma adequada e personalizada. Quem deve fazer o Teste de N\u00edvel? &#8211; Alunos que interromperam as aulas h\u00e1 mais de um ano; [&hellip;]<\/p>\n","protected":false},"author":7,"featured_media":120,"parent":0,"menu_order":0,"comment_status":"closed","ping_status":"closed","template":"","meta":{"footnotes":""},"class_list":["post-38","page","type-page","status-publish","has-post-thumbnail","hentry"],"_links":{"self":[{"href":"https:\/\/francaispartout.com.br\/index.php?rest_route=\/wp\/v2\/pages\/38","targetHints":{"allow":["GET"]}}],"collection":[{"href":"https:\/\/francaispartout.com.br\/index.php?rest_route=\/wp\/v2\/pages"}],"about":[{"href":"https:\/\/francaispartout.com.br\/index.php?rest_route=\/wp\/v2\/types\/page"}],"author":[{"embeddable":true,"href":"https:\/\/francaispartout.com.br\/index.php?rest_route=\/wp\/v2\/users\/7"}],"replies":[{"embeddable":true,"href":"https:\/\/francaispartout.com.br\/index.php?rest_route=%2Fwp%2Fv2%2Fcomments&post=38"}],"version-history":[{"count":13,"href":"https:\/\/francaispartout.com.br\/index.php?rest_route=\/wp\/v2\/pages\/38\/revisions"}],"predecessor-version":[{"id":1759,"href":"https:\/\/francaispartout.com.br\/index.php?rest_route=\/wp\/v2\/pages\/38\/revisions\/1759"}],"wp:featuredmedia":[{"embeddable":true,"href":"https:\/\/francaispartout.com.br\/index.php?rest_route=\/wp\/v2\/media\/120"}],"wp:attachment":[{"href":"https:\/\/francaispartout.com.br\/index.php?rest_route=%2Fwp%2Fv2%2Fmedia&parent=38"}],"curies":[{"name":"wp","href":"https:\/\/api.w.org\/{rel}","templated":true}]}}