{"id":406,"date":"2018-02-28T18:24:38","date_gmt":"2018-02-28T21:24:38","guid":{"rendered":"http:\/\/francaispartout.com.br\/?page_id=406"},"modified":"2026-02-09T21:13:20","modified_gmt":"2026-02-10T00:13:20","slug":"cursos-regulares","status":"publish","type":"page","link":"https:\/\/francaispartout.com.br\/?page_id=406","title":{"rendered":"Cursos regulares"},"content":{"rendered":"\t\t<div data-elementor-type=\"wp-page\" data-elementor-id=\"406\" class=\"elementor elementor-406\">\n\t\t\t\t<div class=\"elementor-element elementor-element-745064f8 e-flex e-con-boxed e-con e-parent\" data-id=\"745064f8\" data-element_type=\"container\">\n\t\t\t\t\t<div class=\"e-con-inner\">\n\t\t\t\t<div class=\"elementor-element elementor-element-b8e7470 elementor-widget elementor-widget-text-editor\" data-id=\"b8e7470\" data-element_type=\"widget\" data-widget_type=\"text-editor.default\">\n\t\t\t\t<div class=\"elementor-widget-container\">\n\t\t\t\t\t\t\t\t\t<p>Os cursos ser\u00e3o online. Clique no bot\u00e3o a seguir para ver os hor\u00e1rios dos cursos dispon\u00edveis para o <b>primeiro semestre de 2026.<\/b><\/p>\t\t\t\t\t\t\t\t<\/div>\n\t\t\t\t<\/div>\n\t\t\t\t<div class=\"elementor-element elementor-element-5f8e576b elementor-widget elementor-widget-text-editor\" data-id=\"5f8e576b\" data-element_type=\"widget\" data-widget_type=\"text-editor.default\">\n\t\t\t\t<div class=\"elementor-widget-container\">\n\t\t\t\t\t\t\t\t\t<p><div class=\"su-button-center\"><a href=\"https:\/\/francaispartout.com.br\/wp-content\/uploads\/2026\/02\/Modelos_Emploi-du-temps.pdf\" class=\"su-button su-button-style-flat\" style=\"color:#fff;background-color:#E30010;border-color:#b6000d;border-radius:5px\" target=\"_blank\" rel=\"noopener noreferrer\"><span style=\"color:#fff;padding:8px 24px;font-size:18px;line-height:27px;border-color:#ec4d58;border-radius:5px;text-shadow:none\"><i class=\"sui sui-file-pdf-o\" style=\"font-size:18px;color:#FFFFFF\"><\/i>  Confira aqui os <strong>hor\u00e1rios<\/strong> das turmas regulares do <strong>primeiro semestre de 2026<\/strong><\/span><\/a><\/div><!-- \/wp:shortcode --><\/p>\n<p><!-- wp:paragraph --><\/p>\n<p><!-- \/wp:paragraph --><\/p>\n<p><!-- wp:paragraph --><\/p>\n<p><!-- \/wp:paragraph --><\/p>\n<p><!-- wp:paragraph --><\/p>\n<p><!-- \/wp:paragraph --><\/p>\n<p><!-- wp:shortcode --><div class=\"su-button-center\"><a href=\"https:\/\/francaispartout.com.br\/wp-content\/uploads\/2026\/02\/Modelos_Calendario.pdf\" class=\"su-button su-button-style-flat\" style=\"color:#fff;background-color:#E30010;border-color:#b6000d;border-radius:5px\" target=\"_blank\" rel=\"noopener noreferrer\"><span style=\"color:#fff;padding:8px 24px;font-size:18px;line-height:27px;border-color:#ec4d58;border-radius:5px;text-shadow:none\"><i class=\"sui sui-file-pdf-o\" style=\"font-size:18px;color:#FFFFFF\"><\/i>  Confira aqui o <strong>calend\u00e1rio<\/strong> das turmas regulares do <strong>primeiro semestre de 2026<\/strong><\/span><\/a><\/div><\/p>\n<p><!-- \/wp:shortcode --><!-- wp:shortcode --><div class=\"su-note\"  style=\"border-color:#d7d7d7;border-radius:1px;-moz-border-radius:1px;-webkit-border-radius:1px;\"><div class=\"su-note-inner su-u-clearfix su-u-trim\" style=\"background-color:#f1f1f1;border-color:#ffffff;color:#000000;border-radius:1px;-moz-border-radius:1px;-webkit-border-radius:1px;\"><\/p>\n<p><!-- wp:paragraph --><\/p>\n<p><!-- \/wp:paragraph --><\/p>\n<h3 style=\"text-align: center;\">Cursos &#8220;\u00e0 la carte&#8221;<\/h3>\n<p style=\"text-align: center;\">Caso voc\u00ea tenha interesse em um n\u00edvel espec\u00edfico, local e hor\u00e1rio que n\u00e3o est\u00e1 em nossa grade de hor\u00e1rios, por favor, escreva para\u00a0<span style=\"color: #0000ff;\"><a style=\"color: #0000ff;\" href=\"mailto:fpescoladefrances@gmail.com\">fpescoladefrances@gmail.com<\/a><\/span>\u00a0e fa\u00e7a sua solicita\u00e7\u00e3o.<\/p>\n<p style=\"text-align: center;\">Estudaremos sua proposta com o objetivo de criar um curso no local e hor\u00e1rio desejados.<\/div><\/div><\/p>\n<p><!-- \/wp:shortcode --><\/p>\t\t\t\t\t\t\t\t<\/div>\n\t\t\t\t<\/div>\n\t\t\t\t\t<\/div>\n\t\t\t\t<\/div>\n\t\t\t\t<\/div>\n\t\t","protected":false},"excerpt":{"rendered":"<p>Os cursos ser\u00e3o online. Clique no bot\u00e3o a seguir para ver os hor\u00e1rios dos cursos dispon\u00edveis para o primeiro semestre de 2026.<\/p>\n","protected":false},"author":7,"featured_media":127,"parent":0,"menu_order":0,"comment_status":"closed","ping_status":"closed","template":"","meta":{"footnotes":""},"class_list":["post-406","page","type-page","status-publish","has-post-thumbnail","hentry"],"_links":{"self":[{"href":"https:\/\/francaispartout.com.br\/index.php?rest_route=\/wp\/v2\/pages\/406","targetHints":{"allow":["GET"]}}],"collection":[{"href":"https:\/\/francaispartout.com.br\/index.php?rest_route=\/wp\/v2\/pages"}],"about":[{"href":"https:\/\/francaispartout.com.br\/index.php?rest_route=\/wp\/v2\/types\/page"}],"author":[{"embeddable":true,"href":"https:\/\/francaispartout.com.br\/index.php?rest_route=\/wp\/v2\/users\/7"}],"replies":[{"embeddable":true,"href":"https:\/\/francaispartout.com.br\/index.php?rest_route=%2Fwp%2Fv2%2Fcomments&post=406"}],"version-history":[{"count":75,"href":"https:\/\/francaispartout.com.br\/index.php?rest_route=\/wp\/v2\/pages\/406\/revisions"}],"predecessor-version":[{"id":1769,"href":"https:\/\/francaispartout.com.br\/index.php?rest_route=\/wp\/v2\/pages\/406\/revisions\/1769"}],"wp:featuredmedia":[{"embeddable":true,"href":"https:\/\/francaispartout.com.br\/index.php?rest_route=\/wp\/v2\/media\/127"}],"wp:attachment":[{"href":"https:\/\/francaispartout.com.br\/index.php?rest_route=%2Fwp%2Fv2%2Fmedia&parent=406"}],"curies":[{"name":"wp","href":"https:\/\/api.w.org\/{rel}","templated":true}]}}