{"id":44,"date":"2017-02-01T13:49:44","date_gmt":"2017-02-01T15:49:44","guid":{"rendered":"http:\/\/francaispartout.com.br\/?page_id=44"},"modified":"2026-02-09T20:53:24","modified_gmt":"2026-02-09T23:53:24","slug":"valores-e-formas-de-pagamento","status":"publish","type":"page","link":"https:\/\/francaispartout.com.br\/?page_id=44","title":{"rendered":"Valores e formas de pagamento"},"content":{"rendered":"\t\t<div data-elementor-type=\"wp-page\" data-elementor-id=\"44\" class=\"elementor elementor-44\">\n\t\t\t\t<div class=\"elementor-element elementor-element-d4dc03a e-flex e-con-boxed e-con e-parent\" data-id=\"d4dc03a\" data-element_type=\"container\">\n\t\t\t\t\t<div class=\"e-con-inner\">\n\t\t\t\t<div class=\"elementor-element elementor-element-0a9c3ec elementor-widget elementor-widget-heading\" data-id=\"0a9c3ec\" data-element_type=\"widget\" data-widget_type=\"heading.default\">\n\t\t\t\t<div class=\"elementor-widget-container\">\n\t\t\t\t\t<h2 class=\"elementor-heading-title elementor-size-default\">Valores vigentes para o ano de 2026<\/h2>\t\t\t\t<\/div>\n\t\t\t\t<\/div>\n\t\t\t\t\t<\/div>\n\t\t\t\t<\/div>\n\t\t<div class=\"elementor-element elementor-element-f27bdd1 e-flex e-con-boxed e-con e-parent\" data-id=\"f27bdd1\" data-element_type=\"container\">\n\t\t\t\t\t<div class=\"e-con-inner\">\n\t\t\t\t<div class=\"elementor-element elementor-element-e469f89 elementor-widget elementor-widget-text-editor\" data-id=\"e469f89\" data-element_type=\"widget\" data-widget_type=\"text-editor.default\">\n\t\t\t\t<div class=\"elementor-widget-container\">\n\t\t\t\t\t\t\t\t\t<p>Nossa escola trabalha com pre\u00e7os justos, abaixo do valor do mercado, e com profissionais altamente qualificados, primando essencialmente pela qualidade de ensino da l\u00edngua francesa. Al\u00e9m dos valores j\u00e1 reduzidos para o p\u00fablico interno e externo da USP, os alunos maiores de 60 anos, funcion\u00e1rios, graduandos e p\u00f3s-graduandos do IME-USP, IQ-USP, FCF-USP e Letras (habilita\u00e7\u00e3o em franc\u00eas) da USP e da UAM (parceria CAERI-UAM), se beneficiam de um desconto consider\u00e1vel.<\/p><p>Se voc\u00ea j\u00e1 \u00e9 aluno da escola, aguarde um e-mail com orienta\u00e7\u00f5es para as inscri\u00e7\u00f5es. Se j\u00e1 foi aluno e tem vontade de retornar as aulas ou se \u00e9 novo aluno, escreva um e-mail para <a href=\"mailto:fpescoladefrances@gmail.com\">fpescoladefrances@gmail.com<\/a><\/p>\t\t\t\t\t\t\t\t<\/div>\n\t\t\t\t<\/div>\n\t\t\t\t<div class=\"elementor-element elementor-element-66b93ed elementor-widget__width-inherit elementor-widget elementor-widget-image\" data-id=\"66b93ed\" data-element_type=\"widget\" data-widget_type=\"image.default\">\n\t\t\t\t<div class=\"elementor-widget-container\">\n\t\t\t\t\t\t\t\t\t\t\t\t\t\t\t<img fetchpriority=\"high\" decoding=\"async\" width=\"927\" height=\"627\" src=\"https:\/\/francaispartout.com.br\/wp-content\/uploads\/2026\/02\/Captura-de-tela-2026-02-09-205146.png\" class=\"attachment-large size-large wp-image-1748\" alt=\"\" srcset=\"https:\/\/francaispartout.com.br\/wp-content\/uploads\/2026\/02\/Captura-de-tela-2026-02-09-205146.png 927w, https:\/\/francaispartout.com.br\/wp-content\/uploads\/2026\/02\/Captura-de-tela-2026-02-09-205146-300x203.png 300w, https:\/\/francaispartout.com.br\/wp-content\/uploads\/2026\/02\/Captura-de-tela-2026-02-09-205146-768x519.png 768w\" sizes=\"(max-width: 927px) 100vw, 927px\" \/>\t\t\t\t\t\t\t\t\t\t\t\t\t\t\t<\/div>\n\t\t\t\t<\/div>\n\t\t\t\t<div class=\"elementor-element elementor-element-414efcf elementor-widget elementor-widget-spacer\" data-id=\"414efcf\" data-element_type=\"widget\" data-widget_type=\"spacer.default\">\n\t\t\t\t<div class=\"elementor-widget-container\">\n\t\t\t\t\t\t\t<div class=\"elementor-spacer\">\n\t\t\t<div class=\"elementor-spacer-inner\"><\/div>\n\t\t<\/div>\n\t\t\t\t\t\t<\/div>\n\t\t\t\t<\/div>\n\t\t\t\t\t<\/div>\n\t\t\t\t<\/div>\n\t\t<div class=\"elementor-element elementor-element-f0ad99f e-flex e-con-boxed e-con e-parent\" data-id=\"f0ad99f\" data-element_type=\"container\">\n\t\t\t\t\t<div class=\"e-con-inner\">\n\t\t\t\t<div class=\"elementor-element elementor-element-27dd182 elementor-widget elementor-widget-text-editor\" data-id=\"27dd182\" data-element_type=\"widget\" data-widget_type=\"text-editor.default\">\n\t\t\t\t<div class=\"elementor-widget-container\">\n\t\t\t\t\t\t\t\t\t<p>&#8211; Valores referentes a um m\u00f3dulo de <strong>45h de curso<\/strong>;<br \/>&#8211; Turmas regulares: <strong>de 3 a 12 alunos<\/strong> (caso a turma n\u00e3o atinja o n\u00famero m\u00ednimo, ser\u00e1 proposto um reajuste);<br \/>&#8211; \u00c9 preciso apresentar documento comprobat\u00f3rio.<\/p>\t\t\t\t\t\t\t\t<\/div>\n\t\t\t\t<\/div>\n\t\t\t\t<div class=\"elementor-element elementor-element-5f5fc7d elementor-widget elementor-widget-spacer\" data-id=\"5f5fc7d\" data-element_type=\"widget\" data-widget_type=\"spacer.default\">\n\t\t\t\t<div class=\"elementor-widget-container\">\n\t\t\t\t\t\t\t<div class=\"elementor-spacer\">\n\t\t\t<div class=\"elementor-spacer-inner\"><\/div>\n\t\t<\/div>\n\t\t\t\t\t\t<\/div>\n\t\t\t\t<\/div>\n\t\t\t\t\t<\/div>\n\t\t\t\t<\/div>\n\t\t<div class=\"elementor-element elementor-element-8d8d72f e-flex e-con-boxed e-con e-parent\" data-id=\"8d8d72f\" data-element_type=\"container\">\n\t\t\t\t\t<div class=\"e-con-inner\">\n\t\t\t\t<div class=\"elementor-element elementor-element-eb53205 elementor-widget elementor-widget-heading\" data-id=\"eb53205\" data-element_type=\"widget\" data-widget_type=\"heading.default\">\n\t\t\t\t<div class=\"elementor-widget-container\">\n\t\t\t\t\t<h5 class=\"elementor-heading-title elementor-size-default\">FORMAS DE PAGAMENTO<\/h5>\t\t\t\t<\/div>\n\t\t\t\t<\/div>\n\t\t\t\t\t<\/div>\n\t\t\t\t<\/div>\n\t\t<div class=\"elementor-element elementor-element-7ab0284 e-flex e-con-boxed e-con e-parent\" data-id=\"7ab0284\" data-element_type=\"container\">\n\t\t\t\t\t<div class=\"e-con-inner\">\n\t\t\t\t<div class=\"elementor-element elementor-element-3125262 elementor-widget elementor-widget-text-editor\" data-id=\"3125262\" data-element_type=\"widget\" data-widget_type=\"text-editor.default\">\n\t\t\t\t<div class=\"elementor-widget-container\">\n\t\t\t\t\t\t\t\t\t<p>&#8211; <strong>\u00c0 VISTA:<\/strong> transfer\u00eancia banc\u00e1ria, dep\u00f3sito e PIX<\/p>\n<p>&#8211; <strong>PARCELADO:<\/strong> cart\u00e3o de cr\u00e9dito<\/p>\n<p>\u00a0<\/p>\n<p>O valor do material n\u00e3o est\u00e1 incluso nos valores da matr\u00edcula.<\/p>\t\t\t\t\t\t\t\t<\/div>\n\t\t\t\t<\/div>\n\t\t\t\t\t<\/div>\n\t\t\t\t<\/div>\n\t\t\t\t<\/div>\n\t\t","protected":false},"excerpt":{"rendered":"<p>Valores vigentes para o ano de 2026 Nossa escola trabalha com pre\u00e7os justos, abaixo do valor do mercado, e com profissionais altamente qualificados, primando essencialmente pela qualidade de ensino da l\u00edngua francesa. Al\u00e9m dos valores j\u00e1 reduzidos para o p\u00fablico interno e externo da USP, os alunos maiores de 60 anos, funcion\u00e1rios, graduandos e p\u00f3s-graduandos [&hellip;]<\/p>\n","protected":false},"author":7,"featured_media":125,"parent":0,"menu_order":0,"comment_status":"closed","ping_status":"closed","template":"","meta":{"footnotes":""},"class_list":["post-44","page","type-page","status-publish","has-post-thumbnail","hentry"],"_links":{"self":[{"href":"https:\/\/francaispartout.com.br\/index.php?rest_route=\/wp\/v2\/pages\/44","targetHints":{"allow":["GET"]}}],"collection":[{"href":"https:\/\/francaispartout.com.br\/index.php?rest_route=\/wp\/v2\/pages"}],"about":[{"href":"https:\/\/francaispartout.com.br\/index.php?rest_route=\/wp\/v2\/types\/page"}],"author":[{"embeddable":true,"href":"https:\/\/francaispartout.com.br\/index.php?rest_route=\/wp\/v2\/users\/7"}],"replies":[{"embeddable":true,"href":"https:\/\/francaispartout.com.br\/index.php?rest_route=%2Fwp%2Fv2%2Fcomments&post=44"}],"version-history":[{"count":30,"href":"https:\/\/francaispartout.com.br\/index.php?rest_route=\/wp\/v2\/pages\/44\/revisions"}],"predecessor-version":[{"id":1755,"href":"https:\/\/francaispartout.com.br\/index.php?rest_route=\/wp\/v2\/pages\/44\/revisions\/1755"}],"wp:featuredmedia":[{"embeddable":true,"href":"https:\/\/francaispartout.com.br\/index.php?rest_route=\/wp\/v2\/media\/125"}],"wp:attachment":[{"href":"https:\/\/francaispartout.com.br\/index.php?rest_route=%2Fwp%2Fv2%2Fmedia&parent=44"}],"curies":[{"name":"wp","href":"https:\/\/api.w.org\/{rel}","templated":true}]}}