{"id":94,"date":"2017-02-01T17:31:15","date_gmt":"2017-02-01T19:31:15","guid":{"rendered":"http:\/\/francaispartout.com.br\/?page_id=94"},"modified":"2026-02-09T18:42:59","modified_gmt":"2026-02-09T21:42:59","slug":"matricule-se","status":"publish","type":"page","link":"https:\/\/francaispartout.com.br\/?page_id=94","title":{"rendered":"Matricule-se"},"content":{"rendered":"\t\t<div data-elementor-type=\"wp-page\" data-elementor-id=\"94\" class=\"elementor elementor-94\">\n\t\t\t\t<div class=\"elementor-element elementor-element-19f8a42 e-flex e-con-boxed e-con e-parent\" data-id=\"19f8a42\" data-element_type=\"container\">\n\t\t\t\t\t<div class=\"e-con-inner\">\n\t\t\t\t<div class=\"elementor-element elementor-element-42915b9 elementor-widget elementor-widget-heading\" data-id=\"42915b9\" data-element_type=\"widget\" data-widget_type=\"heading.default\">\n\t\t\t\t<div class=\"elementor-widget-container\">\n\t\t\t\t\t<h2 class=\"elementor-heading-title elementor-size-default\">Matr\u00edculas para o PRIMEIRO semestre de 2026<\/h2>\t\t\t\t<\/div>\n\t\t\t\t<\/div>\n\t\t\t\t\t<\/div>\n\t\t\t\t<\/div>\n\t\t<div class=\"elementor-element elementor-element-182881f e-flex e-con-boxed e-con e-parent\" data-id=\"182881f\" data-element_type=\"container\">\n\t\t\t\t\t<div class=\"e-con-inner\">\n\t\t\t\t<div class=\"elementor-element elementor-element-5849b4f elementor-widget elementor-widget-heading\" data-id=\"5849b4f\" data-element_type=\"widget\" data-widget_type=\"heading.default\">\n\t\t\t\t<div class=\"elementor-widget-container\">\n\t\t\t\t\t<h2 class=\"elementor-heading-title elementor-size-default\">1\u00aa etapa: 05\/02 - 12\/02<br>2\u00aa etapa: 19\/02 - 01\/03<\/h2>\t\t\t\t<\/div>\n\t\t\t\t<\/div>\n\t\t\t\t<div class=\"elementor-element elementor-element-efba547 elementor-widget elementor-widget-text-editor\" data-id=\"efba547\" data-element_type=\"widget\" data-widget_type=\"text-editor.default\">\n\t\t\t\t<div class=\"elementor-widget-container\">\n\t\t\t\t\t\t\t\t\t<p>As matr\u00edculas para o segundo semestre de 2025 ser\u00e3o realizadas de forma totalmente <strong>online<\/strong>, proporcionando maior comodidade e praticidade para voc\u00ea.<\/p><p><strong>Alunos atuais:<\/strong><br \/>Se voc\u00ea j\u00e1 \u00e9 aluno da FP, fique atento ao seu e-mail. Enviaremos instru\u00e7\u00f5es detalhadas sobre o processo de matr\u00edcula, incluindo prazos e informa\u00e7\u00f5es sobre o processo. Lembre-se de verificar tamb\u00e9m sua caixa de spam, caso o e-mail n\u00e3o chegue na sua caixa principal.<\/p><p><strong>Ex-alunos e novos alunos:<\/strong><br \/>Se voc\u00ea j\u00e1 foi nosso aluno no passado ou est\u00e1 iniciando sua jornada conosco, basta entrar em contato pelo e-mail: <a href=\"mailto:fpescoladefrances@gmail.com\" rel=\"noopener\">fpescoladefrances@gmail.com<\/a>. Nossa equipe estar\u00e1 pronta para fornecer todas as informa\u00e7\u00f5es necess\u00e1rias e te ajudar com o seu processo de inscri\u00e7\u00e3o.<\/p><p><strong>D\u00favidas?<\/strong><br \/>Caso tenha qualquer d\u00favida sobre o processo de matr\u00edcula, disciplinas ou qualquer outro detalhe, n\u00e3o hesite em nos enviar uma mensagem. Estamos \u00e0 disposi\u00e7\u00e3o para oferecer todo o suporte necess\u00e1rio.<\/p><p>N\u00e3o perca essa oportunidade de continuar ou iniciar sua trajet\u00f3ria no aprendizado do franc\u00eas conosco! Estamos ansiosos para receb\u00ea-lo em nossa escola.<\/p>\t\t\t\t\t\t\t\t<\/div>\n\t\t\t\t<\/div>\n\t\t\t\t\t<\/div>\n\t\t\t\t<\/div>\n\t\t\t\t<\/div>\n\t\t","protected":false},"excerpt":{"rendered":"<p>Matr\u00edculas para o PRIMEIRO semestre de 2026 1\u00aa etapa: 05\/02 &#8211; 12\/022\u00aa etapa: 19\/02 &#8211; 01\/03 As matr\u00edculas para o segundo semestre de 2025 ser\u00e3o realizadas de forma totalmente online, proporcionando maior comodidade e praticidade para voc\u00ea. Alunos atuais:Se voc\u00ea j\u00e1 \u00e9 aluno da FP, fique atento ao seu e-mail. Enviaremos instru\u00e7\u00f5es detalhadas sobre o [&hellip;]<\/p>\n","protected":false},"author":7,"featured_media":126,"parent":0,"menu_order":0,"comment_status":"closed","ping_status":"closed","template":"","meta":{"footnotes":""},"class_list":["post-94","page","type-page","status-publish","has-post-thumbnail","hentry"],"_links":{"self":[{"href":"https:\/\/francaispartout.com.br\/index.php?rest_route=\/wp\/v2\/pages\/94","targetHints":{"allow":["GET"]}}],"collection":[{"href":"https:\/\/francaispartout.com.br\/index.php?rest_route=\/wp\/v2\/pages"}],"about":[{"href":"https:\/\/francaispartout.com.br\/index.php?rest_route=\/wp\/v2\/types\/page"}],"author":[{"embeddable":true,"href":"https:\/\/francaispartout.com.br\/index.php?rest_route=\/wp\/v2\/users\/7"}],"replies":[{"embeddable":true,"href":"https:\/\/francaispartout.com.br\/index.php?rest_route=%2Fwp%2Fv2%2Fcomments&post=94"}],"version-history":[{"count":31,"href":"https:\/\/francaispartout.com.br\/index.php?rest_route=\/wp\/v2\/pages\/94\/revisions"}],"predecessor-version":[{"id":1745,"href":"https:\/\/francaispartout.com.br\/index.php?rest_route=\/wp\/v2\/pages\/94\/revisions\/1745"}],"wp:featuredmedia":[{"embeddable":true,"href":"https:\/\/francaispartout.com.br\/index.php?rest_route=\/wp\/v2\/media\/126"}],"wp:attachment":[{"href":"https:\/\/francaispartout.com.br\/index.php?rest_route=%2Fwp%2Fv2%2Fmedia&parent=94"}],"curies":[{"name":"wp","href":"https:\/\/api.w.org\/{rel}","templated":true}]}}