{"id":967,"date":"2017-01-30T11:05:15","date_gmt":"2017-01-30T13:05:15","guid":{"rendered":"http:\/\/francaispartout-com-br.umbler.net\/?page_id=2"},"modified":"2026-02-09T18:36:41","modified_gmt":"2026-02-09T21:36:41","slug":"home","status":"publish","type":"page","link":"https:\/\/francaispartout.com.br\/","title":{"rendered":"Home"},"content":{"rendered":"<div class=\"hero\">\n\t    <div class=\"container\">\n\t      <div class=\"text\">\n\t        <h2>Somos a FP - Escola de Franc\u00eas<\/h2>\n\t        <p class=\"description\">Uma escola colaborativa de franc\u00eas que trabalha com aulas online e presenciais a pre\u00e7os justos e com profissionais altamente qualificados, primando essencialmente pela qualidade de ensino da l\u00edngua francesa.<\/p>\n\t        <p class=\"button\"><a href=\"https:\/\/francaispartout.com.br\/?page_id=94\" class=\"btn btn-primary\">Matr\u00edculas 2026<\/a><\/p>\n\t      <\/div>\n\t    <\/div>\n\t  <\/div>\n<div class=\"featured\">\n<div class=\"container\">\n<div class=\"item\">\n        <div class=\"head\">\n          <figure>\n            <img decoding=\"async\" src=\"https:\/\/francaispartout.com.br\/wp-content\/uploads\/2024\/02\/featured_img_1_2.png\">\n          <\/figure>\n          <h4>Aprenda uma l\u00edngua que \u00e9 falada em 56 pa\u00edses no mundo<\/h4>\n        <\/div>\n\n        <p class=\"description\">A l\u00edngua francesa \u00e9 falada por 274 milh\u00f5es de pessoas nos cinco continentes do planeta, do Canad\u00e1 ao Camboja. Ela \u00e9 uma das seis l\u00ednguas oficiais da Organiza\u00e7\u00e3o das Na\u00e7\u00f5es Unidas. Estudar a l\u00edngua francesa permite o acesso a culturas variadas: de Zaz \u00e0 Tintin, passando por Moli\u00e8re, Juliette Binoche e Marcel Proust. <\/p>\n      <\/div>\n<div class=\"item\">\n        <div class=\"head\">\n          <figure>\n            <img decoding=\"async\" src=\"https:\/\/francaispartout.com.br\/wp-content\/uploads\/2024\/02\/featured_img_2_2.png\">\n          <\/figure>\n          <h4>Aprenda falando, ouvindo e interagindo<\/h4>\n        <\/div>\n\n        <p class=\"description\">Usamos o que h\u00e1 de mais moderno e avan\u00e7ado no ensino do franc\u00eas em termos de materiais e estrat\u00e9gias did\u00e1ticas. Nossa abordagem atende \u00e0s propostas do CECR (Quadro Comum Europeu de Refer\u00eancia para L\u00ednguas) para que os alunos possam aprender a agir em contextos franc\u00f3fonos. Com o objetivo de propiciar a progress\u00e3o de forma adequada e respeitando o ritmo ideal de aprendizagem de uma l\u00edngua estrangeira, dispomos de aulas com o formato de 3h semanais,\u00a0ofertadas\u00a0nas modalidades presencial e online uma ou duas vezes por semana (aulas de 1h30)<\/p>\n      <\/div>\n<div class=\"item\">\n        <div class=\"head\">\n          <figure>\n            <img decoding=\"async\" src=\"https:\/\/francaispartout.com.br\/wp-content\/uploads\/2024\/02\/featured_img_3_2.png\">\n          <\/figure>\n          <h4>Nossos alunos<\/h4>\n        <\/div>\n\n        <p class=\"description\">Com o perfil muito variado, nossos alunos possuem um interesse em comum: a l\u00edngua francesa e a cultura franc\u00f3fona.\u00a0Pessoas que desejam estudar em um pa\u00eds de l\u00edngua francesa, profissionais que necessitam do franc\u00eas para o trabalho, aposentados que desejam continuar a aprender: todos visam a se enriquecer culturalmente atrav\u00e9s do franc\u00eas!<\/p>\n      <\/div>\n<\/div>\n<\/div>\n<div class=\"blocks_featured\">\n<div class=\"container\"><div class=\"block_featured \">\n      <h4>Pesquisa e forma\u00e7\u00e3o<\/h4>\n\n      <div class=\"description\">Para as a\u00e7\u00f5es ligadas \u00e0 pesquisa e \u00e0 forma\u00e7\u00e3o, a FP &#8211; Escola de Franc\u00eas conta com o apoio de pesquisadores do Grupo ALTER-AGE-CNPq (An\u00e1lise de Linguagem Trabalho e suas Rela\u00e7\u00f5es \u2013 Aprendizagem, G\u00eaneros e Ensino), que atuam, de forma volunt\u00e1ria, junto \u00e0 equipe da escola, com a finalidade de estudar o ensino como trabalho e o desenvolvimento dos professores e alunos envolvidos.<\/div>\n    <\/div><div class=\"block_featured \">\n      <h4>Nossos professores<\/h4>\n\n      <div class=\"description\">Nosso corpo docente \u00e9 constitu\u00eddo por profissionais qualificados com ampla experi\u00eancia no ensino da l\u00edngua francesa. Os professores t\u00eam diploma de gradua\u00e7\u00e3o e muitos tiveram uma enriquecedora experi\u00eancia no exterior (Canad\u00e1 e Fran\u00e7a). Al\u00e9m disso, todos cursam licenciatura e\/ou mestrado\/doutorado na Universidade de S\u00e3o Paulo (USP) e contam tamb\u00e9m com o apoio de um inovador programa de forma\u00e7\u00e3o de professores: reuni\u00f5es pedag\u00f3gicas constantes, filmagens de aulas com fins de pesquisa, elabora\u00e7\u00e3o de material did\u00e1tico, plataforma virtual de apoio pedag\u00f3gico, jornadas de forma\u00e7\u00e3o com profissionais renomados na \u00e1rea de ensino do Franc\u00eas como l\u00edngua estrangeira, entre outros.<\/div>\n    <\/div><\/div>\n<\/div>\n<div class=\"block-content\">\n        <div class=\"column-left\">\n          <div class=\"content\">\n            <h3>Economia Colaborativa na FP - Escola de Franc\u00eas<\/h3>\n            <p>A ado\u00e7\u00e3o do princ\u00edpio da economia colaborativa na FP significa que a escola n\u00e3o visa o lucro de uma pessoa ou grupo de pessoas espec\u00edfico: ao contr\u00e1rio, temos por objetivo utilizar os valores recolhidos para a melhoria das condi\u00e7\u00f5es de ensino e aprendizagem dos alunos e das condi\u00e7\u00f5es de trabalho dos professores. Nesse sentido, ap\u00f3s a retirada do montante necess\u00e1rio para o funcionamento da escola (o que inclui aluguel de salas, despesas com site, porcentagem para os centros acad\u00eamicos, sal\u00e1rio dos professores etc.) o excedente \u00e9 utilizado para pagamento de, no m\u00ednimo, 30 horas semestrais de forma\u00e7\u00e3o para os professores; compra de equipamento e material did\u00e1tico; pagamento de cursos de forma\u00e7\u00e3o para os professores; aux\u00edlio para participa\u00e7\u00e3o em eventos, entre outros.<\/p>\n          <\/div>\n        <\/div>\n\n        <div class=\"column-right\">\n          <img decoding=\"async\" src=\"https:\/\/francaispartout.com.br\/wp-content\/uploads\/2017\/01\/home_image.jpg\" \/>\n        <\/div>\n      <\/div>\n<div class=\"cards\">\n<div class=\"container\">\n<div class=\"card \">\n      <h4>TESTE DE N\u00cdVEL<\/h4>\n\n      <p class=\"description\">A realiza\u00e7\u00e3o de teste de n\u00edvel \u00e9 obrigat\u00f3ria para alunos que j\u00e1 tenham estudado franc\u00eas em outras institui\u00e7\u00f5es e para ex-alunos da FP que tenham ficado dois semestres sem estudar. O teste de n\u00edvel nos permite avaliar os conhecimentos de franc\u00eas do aluno para coloc\u00e1-lo no n\u00edvel mais adequado.<\/p>\n\n      <p class=\"link\"><a href=\"https:\/\/francaispartout.com.br\/?page_id=38\" class=\"btn btn-link\">Agende o teste agora<\/a><\/p>\n    <\/div>\n<\/div>\n<div class=\"container\"><\/div>\n<p>&nbsp;<\/p>\n<p>&nbsp;<\/p>\n<\/div>\n","protected":false},"excerpt":{"rendered":"<p>&nbsp; &nbsp;<\/p>\n","protected":false},"author":7,"featured_media":0,"parent":0,"menu_order":0,"comment_status":"closed","ping_status":"open","template":"welcome.php","meta":{"footnotes":""},"class_list":["post-967","page","type-page","status-publish","hentry"],"_links":{"self":[{"href":"https:\/\/francaispartout.com.br\/index.php?rest_route=\/wp\/v2\/pages\/967","targetHints":{"allow":["GET"]}}],"collection":[{"href":"https:\/\/francaispartout.com.br\/index.php?rest_route=\/wp\/v2\/pages"}],"about":[{"href":"https:\/\/francaispartout.com.br\/index.php?rest_route=\/wp\/v2\/types\/page"}],"author":[{"embeddable":true,"href":"https:\/\/francaispartout.com.br\/index.php?rest_route=\/wp\/v2\/users\/7"}],"replies":[{"embeddable":true,"href":"https:\/\/francaispartout.com.br\/index.php?rest_route=%2Fwp%2Fv2%2Fcomments&post=967"}],"version-history":[{"count":45,"href":"https:\/\/francaispartout.com.br\/index.php?rest_route=\/wp\/v2\/pages\/967\/revisions"}],"predecessor-version":[{"id":1742,"href":"https:\/\/francaispartout.com.br\/index.php?rest_route=\/wp\/v2\/pages\/967\/revisions\/1742"}],"wp:attachment":[{"href":"https:\/\/francaispartout.com.br\/index.php?rest_route=%2Fwp%2Fv2%2Fmedia&parent=967"}],"curies":[{"name":"wp","href":"https:\/\/api.w.org\/{rel}","templated":true}]}}