{"id":972,"date":"2022-08-08T11:18:04","date_gmt":"2022-08-08T14:18:04","guid":{"rendered":"http:\/\/francaispartout.com.br\/?page_id=966"},"modified":"2024-02-27T15:00:48","modified_gmt":"2024-02-27T18:00:48","slug":"ime-usp","status":"publish","type":"page","link":"https:\/\/francaispartout.com.br\/?page_id=972","title":{"rendered":"IME &#8211; USP"},"content":{"rendered":"<h3>Instituto de Matem\u00e1tica e Estat\u00edstica &#8211; USP<\/h3>\n<p>Rua do Mat\u00e3o, 1010 &#8211; Cidade Universit\u00e1ria &#8211; S\u00e3o Paulo &#8211; SP<\/p>\n<p>&nbsp;<\/p>\n<div class=\"su-gmap su-u-responsive-media-yes\"><iframe width=\"900\" height=\"500\" src=\"\/\/maps.google.com\/maps?q=Rua%20do%20Mat%C3%A3o%2C%201010%2C%20Butant%C3%A3%2C%20S%C3%A3o%20Paulo%20-%20SP%2C%2005508%2C%20Brazil%20-%20Cidade%20Universit%C3%A1ria%20-%20S%C3%A3o%20Paulo%20-%20SP&amp;output=embed\" title=\"\"><\/iframe><\/div>\n<p>&nbsp;<\/p>\n","protected":false},"excerpt":{"rendered":"<p>Instituto de Matem\u00e1tica e Estat\u00edstica &#8211; USP Rua do Mat\u00e3o, 1010 &#8211; Cidade Universit\u00e1ria &#8211; S\u00e3o Paulo &#8211; SP &nbsp; &nbsp;<\/p>\n","protected":false},"author":5,"featured_media":171,"parent":1192,"menu_order":0,"comment_status":"closed","ping_status":"closed","template":"","meta":{"footnotes":""},"class_list":["post-972","page","type-page","status-publish","has-post-thumbnail","hentry"],"_links":{"self":[{"href":"https:\/\/francaispartout.com.br\/index.php?rest_route=\/wp\/v2\/pages\/972","targetHints":{"allow":["GET"]}}],"collection":[{"href":"https:\/\/francaispartout.com.br\/index.php?rest_route=\/wp\/v2\/pages"}],"about":[{"href":"https:\/\/francaispartout.com.br\/index.php?rest_route=\/wp\/v2\/types\/page"}],"author":[{"embeddable":true,"href":"https:\/\/francaispartout.com.br\/index.php?rest_route=\/wp\/v2\/users\/5"}],"replies":[{"embeddable":true,"href":"https:\/\/francaispartout.com.br\/index.php?rest_route=%2Fwp%2Fv2%2Fcomments&post=972"}],"version-history":[{"count":1,"href":"https:\/\/francaispartout.com.br\/index.php?rest_route=\/wp\/v2\/pages\/972\/revisions"}],"predecessor-version":[{"id":1196,"href":"https:\/\/francaispartout.com.br\/index.php?rest_route=\/wp\/v2\/pages\/972\/revisions\/1196"}],"up":[{"embeddable":true,"href":"https:\/\/francaispartout.com.br\/index.php?rest_route=\/wp\/v2\/pages\/1192"}],"wp:featuredmedia":[{"embeddable":true,"href":"https:\/\/francaispartout.com.br\/index.php?rest_route=\/wp\/v2\/media\/171"}],"wp:attachment":[{"href":"https:\/\/francaispartout.com.br\/index.php?rest_route=%2Fwp%2Fv2%2Fmedia&parent=972"}],"curies":[{"name":"wp","href":"https:\/\/api.w.org\/{rel}","templated":true}]}}